{"id":3771,"date":"2025-12-28T12:53:22","date_gmt":"2025-12-28T12:53:22","guid":{"rendered":"https:\/\/web.somdelbarri.es\/?page_id=3771"},"modified":"2025-12-28T12:53:22","modified_gmt":"2025-12-28T12:53:22","slug":"som-suport-mutu","status":"publish","type":"page","link":"https:\/\/web.somdelbarri.es\/?page_id=3771","title":{"rendered":"Som Suport Mutu"},"content":{"rendered":"\n<figure class=\"wp-block-image size-full\"><img decoding=\"async\" loading=\"lazy\" width=\"1024\" height=\"1024\" src=\"https:\/\/web.somdelbarri.es\/wp-content\/uploads\/2025\/12\/WhatsApp-Image-2025-12-27-at-18.32.34.jpeg\" alt=\"\" class=\"wp-image-3890\"\/><\/figure>\n\n\n\n<p>Acompanyem persones i projectes que busquen la seva inserci\u00f3 sociolaboral, per\u00f2 que pateixen diversos eixos de discriminaci\u00f3 dificultant el seu acc\u00e9s al m\u00f3n laboral.<br>Taller de costura<br>(Informaci\u00f3 aportada per Khadija)<br>Xarxes de suport<br>\u2022 Grups de WhatsApp<br>\u2022 Informaci\u00f3 del roll-up de recursos disponibles<\/p>\n","protected":false},"excerpt":{"rendered":"<p>Acompanyem persones i projectes que busquen la seva inserci\u00f3 sociolaboral, per\u00f2 que pateixen diversos eixos de discriminaci\u00f3 dificultant el seu acc\u00e9s al m\u00f3n laboral.Taller de costura(Informaci\u00f3 aportada per Khadija)Xarxes de [&hellip;]<\/p>\n","protected":false},"author":1,"featured_media":0,"parent":0,"menu_order":0,"comment_status":"closed","ping_status":"closed","template":"","meta":[],"_links":{"self":[{"href":"https:\/\/web.somdelbarri.es\/index.php?rest_route=\/wp\/v2\/pages\/3771"}],"collection":[{"href":"https:\/\/web.somdelbarri.es\/index.php?rest_route=\/wp\/v2\/pages"}],"about":[{"href":"https:\/\/web.somdelbarri.es\/index.php?rest_route=\/wp\/v2\/types\/page"}],"author":[{"embeddable":true,"href":"https:\/\/web.somdelbarri.es\/index.php?rest_route=\/wp\/v2\/users\/1"}],"replies":[{"embeddable":true,"href":"https:\/\/web.somdelbarri.es\/index.php?rest_route=%2Fwp%2Fv2%2Fcomments&post=3771"}],"version-history":[{"count":2,"href":"https:\/\/web.somdelbarri.es\/index.php?rest_route=\/wp\/v2\/pages\/3771\/revisions"}],"predecessor-version":[{"id":3891,"href":"https:\/\/web.somdelbarri.es\/index.php?rest_route=\/wp\/v2\/pages\/3771\/revisions\/3891"}],"wp:attachment":[{"href":"https:\/\/web.somdelbarri.es\/index.php?rest_route=%2Fwp%2Fv2%2Fmedia&parent=3771"}],"curies":[{"name":"wp","href":"https:\/\/api.w.org\/{rel}","templated":true}]}}